{"id":5,"date":"2021-05-27T08:46:09","date_gmt":"2021-05-27T08:46:09","guid":{"rendered":"http:\/\/overmarkantenn.fi\/?page_id=5"},"modified":"2024-04-08T13:28:07","modified_gmt":"2024-04-08T13:28:07","slug":"create-your-website-with-blocks","status":"publish","type":"page","link":"http:\/\/overmarkantenn.fi\/","title":{"rendered":"V\u00e4lkommen till \u00d6vermark Antennandelslags hemsida"},"content":{"rendered":"\n<div class=\"wp-block-columns alignwide are-vertically-aligned-top is-layout-flex wp-container-core-columns-is-layout-9d6595d7 wp-block-columns-is-layout-flex\">\n<div class=\"wp-block-column is-vertically-aligned-top is-layout-flow wp-block-column-is-layout-flow\">\n<h3 class=\"wp-block-heading\">Om oss<\/h3>\n\n\n\n<p>\u00d6vermark antenn \u00e4r ett lokalt antennandelslag.<\/p>\n<\/div>\n\n\n\n<div class=\"wp-block-column is-vertically-aligned-top is-layout-flow wp-block-column-is-layout-flow\">\n<h3 class=\"wp-block-heading\">Aktuell info<\/h3>\n\n\n\n<p>V\u00e4lkomna p\u00e5 ordinarie \u00e5rsst\u00e4mma den 8.4.2024 kl. 19.30 i Service huset vid sportplan.<\/p>\n<\/div>\n\n\n\n<div class=\"wp-block-column is-vertically-aligned-top is-layout-flow wp-block-column-is-layout-flow\">\n<h3 class=\"wp-block-heading\">Priser<\/h3>\n\n\n\n<p><\/p>\n<\/div>\n<\/div>\n\n\n\n<div style=\"height:100px\" aria-hidden=\"true\" class=\"wp-block-spacer\"><\/div>\n","protected":false},"excerpt":{"rendered":"<p>Om oss \u00d6vermark antenn \u00e4r ett lokalt antennandelslag. Aktuell info V\u00e4lkomna p\u00e5 ordinarie \u00e5rsst\u00e4mma den 8.4.2024 kl. 19.30 i Service huset vid sportplan. Priser<\/p>\n","protected":false},"author":1,"featured_media":0,"parent":0,"menu_order":0,"comment_status":"closed","ping_status":"closed","template":"","meta":{"footnotes":""},"class_list":["post-5","page","type-page","status-publish","hentry","entry"],"_links":{"self":[{"href":"http:\/\/overmarkantenn.fi\/index.php\/wp-json\/wp\/v2\/pages\/5","targetHints":{"allow":["GET"]}}],"collection":[{"href":"http:\/\/overmarkantenn.fi\/index.php\/wp-json\/wp\/v2\/pages"}],"about":[{"href":"http:\/\/overmarkantenn.fi\/index.php\/wp-json\/wp\/v2\/types\/page"}],"author":[{"embeddable":true,"href":"http:\/\/overmarkantenn.fi\/index.php\/wp-json\/wp\/v2\/users\/1"}],"replies":[{"embeddable":true,"href":"http:\/\/overmarkantenn.fi\/index.php\/wp-json\/wp\/v2\/comments?post=5"}],"version-history":[{"count":6,"href":"http:\/\/overmarkantenn.fi\/index.php\/wp-json\/wp\/v2\/pages\/5\/revisions"}],"predecessor-version":[{"id":40,"href":"http:\/\/overmarkantenn.fi\/index.php\/wp-json\/wp\/v2\/pages\/5\/revisions\/40"}],"wp:attachment":[{"href":"http:\/\/overmarkantenn.fi\/index.php\/wp-json\/wp\/v2\/media?parent=5"}],"curies":[{"name":"wp","href":"https:\/\/api.w.org\/{rel}","templated":true}]}}